{"id":793,"date":"2022-02-26T11:48:48","date_gmt":"2022-02-26T10:48:48","guid":{"rendered":"http:\/\/draft.limstyle.de\/?page_id=793"},"modified":"2026-03-21T11:57:43","modified_gmt":"2026-03-21T10:57:43","slug":"projects","status":"publish","type":"page","link":"https:\/\/limstyle.de\/en\/projekte\/","title":{"rendered":"Portfolio"},"content":{"rendered":"<div class=\"wp-block-group alignfull is-layout-constrained wp-container-core-group-is-layout-39380f6d wp-block-group-is-layout-constrained\">\n<div class=\"wp-block-columns alignfull are-vertically-aligned-center heroback is-layout-flex wp-container-core-columns-is-layout-1bae7d6f wp-block-columns-is-layout-flex\" style=\"padding-top:0px;padding-right:0px;padding-bottom:0px;padding-left:0%\">\n<div class=\"wp-block-column is-vertically-aligned-center box hero-left has-background-color has-text-color has-background is-layout-flow wp-container-core-column-is-layout-0e842980 wp-block-column-is-layout-flow\" style=\"background-color:#006da3cc;padding-top:40px;padding-right:30px;padding-bottom:40px;padding-left:30px;flex-basis:50%\">\n<div class=\"wp-block-group alignwide is-content-justification-right is-layout-constrained wp-container-core-group-is-layout-08f43a99 wp-block-group-is-layout-constrained\">\n<p class=\"has-text-align-right wp-block-paragraph\" style=\"margin-top:0px;margin-bottom:0px;padding-top:0px;padding-bottom:0px\">Our portfolio<\/p>\n\n\n\n<h1 class=\"wp-block-heading has-text-align-right alignwide\" id=\"wir-gestalten-moderne-sichere-und-datenschutzkonforme-websites-fur-mehr-sichtbarkeit-im-netz\" style=\"font-size:2.5rem;font-style:normal;font-weight:500\">Selected Projects<\/h1>\n\n\n\n<h2 class=\"wp-block-heading has-text-align-right alignwide\">We have created websites for companies from a wide range of industries. Here are some examples.<\/h2>\n\n\n\n<div class=\"wp-block-buttons is-content-justification-right is-layout-flex wp-container-core-buttons-is-layout-8a38c5f1 wp-block-buttons-is-layout-flex\" style=\"margin-top:var(--wp--preset--spacing--60)\">\n<div class=\"wp-block-button is-style-outline is-style-outline--1\"><a class=\"wp-block-button__link has-background-color has-text-color has-custom-font-size wp-element-button\" href=\"#kontakt\" style=\"border-radius:15px;padding-top:0px;padding-right:16px;padding-bottom:0px;padding-left:16px;font-size:1.3rem\" rel=\"\">Get in Touch<\/a><\/div>\n<\/div>\n<\/div>\n<\/div>\n\n\n\n<div class=\"wp-block-column is-vertically-aligned-center hero-right is-layout-flow wp-block-column-is-layout-flow\" style=\"padding-top:0%;padding-right:5%;padding-bottom:0%;padding-left:5%;flex-basis:50%\">\n<div class=\"wp-block-columns are-vertically-aligned-center is-layout-flex wp-container-core-columns-is-layout-1a9244c7 wp-block-columns-is-layout-flex\">\n<div class=\"wp-block-column is-vertically-aligned-center is-layout-flow wp-block-column-is-layout-flow\">\n<div class=\"wp-block-ab-animate ab-is-hidden\" data-scroll-class=\"bounceInDown\" data-scroll-delay=\"150\"><\/div>\n<\/div>\n\n\n\n<div class=\"wp-block-column is-vertically-aligned-center is-layout-flow wp-block-column-is-layout-flow\">\n<div class=\"wp-block-ab-animate ab-is-hidden\" data-scroll-class=\"bounceInDown\" data-scroll-delay=\"300\"><\/div>\n<\/div>\n\n\n\n<div class=\"wp-block-column is-vertically-aligned-center is-layout-flow wp-block-column-is-layout-flow\">\n<div class=\"wp-block-ab-animate ab-is-hidden\" data-scroll-class=\"bounceInDown\" data-scroll-delay=\"450\"><\/div>\n<\/div>\n<\/div>\n<\/div>\n<\/div>\n\n\n\n<div style=\"height:40px\" aria-hidden=\"true\" class=\"wp-block-spacer\"><\/div>\n\n\n\n<div class=\"wp-block-columns alignwide portfolio is-layout-flex wp-container-core-columns-is-layout-1a9244c7 wp-block-columns-is-layout-flex\">\n<div class=\"wp-block-column is-layout-flow wp-block-column-is-layout-flow\">\n<div class=\"wp-block-query is-layout-flow wp-block-query-is-layout-flow\"><ul class=\"columns-4 wp-block-post-template is-layout-grid wp-container-core-post-template-is-layout-74cbb4f8 wp-block-post-template-is-layout-grid\"><li class=\"wp-block-post post-1873 post type-post status-publish format-standard has-post-thumbnail hentry category-projekt\">\n\n<div class=\"wp-block-ab-animate ab-is-hidden\" data-scroll-class=\"fadeInUp\" data-scroll-threshold=\"100\"><figure class=\"alignwide shadow wp-block-post-featured-image\"><a href=\"https:\/\/limstyle.de\/en\/karen-neumann-business-coaching\/\" target=\"_self\"  ><img loading=\"lazy\" decoding=\"async\" width=\"1000\" height=\"1000\" src=\"https:\/\/limstyle.de\/wp-content\/uploads\/karen-neumann.webp\" class=\"attachment-post-thumbnail size-post-thumbnail wp-post-image\" alt=\"Karen Neumann Business Coaching\" style=\"object-fit:cover;\" srcset=\"https:\/\/limstyle.de\/wp-content\/uploads\/karen-neumann.webp 1000w, https:\/\/limstyle.de\/wp-content\/uploads\/karen-neumann-300x300.webp 300w, https:\/\/limstyle.de\/wp-content\/uploads\/karen-neumann-150x150.webp 150w, https:\/\/limstyle.de\/wp-content\/uploads\/karen-neumann-768x768.webp 768w, https:\/\/limstyle.de\/wp-content\/uploads\/karen-neumann-12x12.webp 12w\" sizes=\"auto, (max-width: 1000px) 100vw, 1000px\" \/><\/a><\/figure>\n\n<h3 class=\"wp-block-post-title has-small-font-size\"><a href=\"https:\/\/limstyle.de\/en\/karen-neumann-business-coaching\/\" target=\"_self\" >Karen Neumann Business Coaching<\/a><\/h3><\/div>\n\n<\/li><li class=\"wp-block-post post-340 post type-post status-publish format-standard has-post-thumbnail hentry category-projekt\">\n\n<div class=\"wp-block-ab-animate ab-is-hidden\" data-scroll-class=\"fadeInUp\" data-scroll-threshold=\"100\"><figure class=\"alignwide shadow wp-block-post-featured-image\"><a href=\"https:\/\/limstyle.de\/en\/autobus-brettschneider\/\" target=\"_self\"  ><img loading=\"lazy\" decoding=\"async\" width=\"1000\" height=\"1000\" src=\"https:\/\/limstyle.de\/wp-content\/uploads\/brettschneider.webp\" class=\"attachment-post-thumbnail size-post-thumbnail wp-post-image\" alt=\"Autobus Brettschneider\" style=\"object-fit:cover;\" srcset=\"https:\/\/limstyle.de\/wp-content\/uploads\/brettschneider.webp 1000w, https:\/\/limstyle.de\/wp-content\/uploads\/brettschneider-300x300.webp 300w, https:\/\/limstyle.de\/wp-content\/uploads\/brettschneider-150x150.webp 150w, https:\/\/limstyle.de\/wp-content\/uploads\/brettschneider-768x768.webp 768w, https:\/\/limstyle.de\/wp-content\/uploads\/brettschneider-12x12.webp 12w\" sizes=\"auto, (max-width: 1000px) 100vw, 1000px\" \/><\/a><\/figure>\n\n<h3 class=\"wp-block-post-title has-small-font-size\"><a href=\"https:\/\/limstyle.de\/en\/autobus-brettschneider\/\" target=\"_self\" >Autobus Brettschneider<\/a><\/h3><\/div>\n\n<\/li><li class=\"wp-block-post post-773 post type-post status-publish format-standard has-post-thumbnail hentry category-projekt\">\n\n<div class=\"wp-block-ab-animate ab-is-hidden\" data-scroll-class=\"fadeInUp\" data-scroll-threshold=\"100\"><figure class=\"alignwide shadow wp-block-post-featured-image\"><a href=\"https:\/\/limstyle.de\/en\/henschel-coaching\/\" target=\"_self\"  ><img loading=\"lazy\" decoding=\"async\" width=\"1000\" height=\"1000\" src=\"https:\/\/limstyle.de\/wp-content\/uploads\/henschel-coaching.webp\" class=\"attachment-post-thumbnail size-post-thumbnail wp-post-image\" alt=\"Henschel Coaching\" style=\"object-fit:cover;\" srcset=\"https:\/\/limstyle.de\/wp-content\/uploads\/henschel-coaching.webp 1000w, https:\/\/limstyle.de\/wp-content\/uploads\/henschel-coaching-300x300.webp 300w, https:\/\/limstyle.de\/wp-content\/uploads\/henschel-coaching-150x150.webp 150w, https:\/\/limstyle.de\/wp-content\/uploads\/henschel-coaching-768x768.webp 768w, https:\/\/limstyle.de\/wp-content\/uploads\/henschel-coaching-12x12.webp 12w\" sizes=\"auto, (max-width: 1000px) 100vw, 1000px\" \/><\/a><\/figure>\n\n<h3 class=\"wp-block-post-title has-small-font-size\"><a href=\"https:\/\/limstyle.de\/en\/henschel-coaching\/\" target=\"_self\" >Henschel Coaching<\/a><\/h3><\/div>\n\n<\/li><li class=\"wp-block-post post-1468 post type-post status-publish format-standard has-post-thumbnail hentry category-projekt\">\n\n<div class=\"wp-block-ab-animate ab-is-hidden\" data-scroll-class=\"fadeInUp\" data-scroll-threshold=\"100\"><figure class=\"alignwide shadow wp-block-post-featured-image\"><a href=\"https:\/\/limstyle.de\/en\/architekturbuero-limbacher\/\" target=\"_self\"  ><img loading=\"lazy\" decoding=\"async\" width=\"1000\" height=\"1000\" src=\"https:\/\/limstyle.de\/wp-content\/uploads\/architekturbuero-limbacher.webp\" class=\"attachment-post-thumbnail size-post-thumbnail wp-post-image\" alt=\"Architekturb\u00fcro Limbacher\" style=\"object-fit:cover;\" srcset=\"https:\/\/limstyle.de\/wp-content\/uploads\/architekturbuero-limbacher.webp 1000w, https:\/\/limstyle.de\/wp-content\/uploads\/architekturbuero-limbacher-300x300.webp 300w, https:\/\/limstyle.de\/wp-content\/uploads\/architekturbuero-limbacher-150x150.webp 150w, https:\/\/limstyle.de\/wp-content\/uploads\/architekturbuero-limbacher-768x768.webp 768w, https:\/\/limstyle.de\/wp-content\/uploads\/architekturbuero-limbacher-12x12.webp 12w\" sizes=\"auto, (max-width: 1000px) 100vw, 1000px\" \/><\/a><\/figure>\n\n<h3 class=\"wp-block-post-title has-small-font-size\"><a href=\"https:\/\/limstyle.de\/en\/architekturbuero-limbacher\/\" target=\"_self\" >Architekturb\u00fcro Limbacher<\/a><\/h3><\/div>\n\n<\/li><li class=\"wp-block-post post-1447 post type-post status-publish format-standard has-post-thumbnail hentry category-projekt\">\n\n<div class=\"wp-block-ab-animate ab-is-hidden\" data-scroll-class=\"fadeInUp\" data-scroll-threshold=\"100\"><figure class=\"alignwide shadow wp-block-post-featured-image\"><a href=\"https:\/\/limstyle.de\/en\/furado-ag\/\" target=\"_self\"  ><img loading=\"lazy\" decoding=\"async\" width=\"1000\" height=\"1000\" src=\"https:\/\/limstyle.de\/wp-content\/uploads\/furado-ag.webp\" class=\"attachment-post-thumbnail size-post-thumbnail wp-post-image\" alt=\"Furado AG\" style=\"object-fit:cover;\" srcset=\"https:\/\/limstyle.de\/wp-content\/uploads\/furado-ag.webp 1000w, https:\/\/limstyle.de\/wp-content\/uploads\/furado-ag-300x300.webp 300w, https:\/\/limstyle.de\/wp-content\/uploads\/furado-ag-150x150.webp 150w, https:\/\/limstyle.de\/wp-content\/uploads\/furado-ag-768x768.webp 768w, https:\/\/limstyle.de\/wp-content\/uploads\/furado-ag-12x12.webp 12w\" sizes=\"auto, (max-width: 1000px) 100vw, 1000px\" \/><\/a><\/figure>\n\n<h3 class=\"wp-block-post-title has-small-font-size\"><a href=\"https:\/\/limstyle.de\/en\/furado-ag\/\" target=\"_self\" >Furado AG<\/a><\/h3><\/div>\n\n<\/li><li class=\"wp-block-post post-1432 post type-post status-publish format-standard has-post-thumbnail hentry category-projekt\">\n\n<div class=\"wp-block-ab-animate ab-is-hidden\" data-scroll-class=\"fadeInUp\" data-scroll-threshold=\"100\"><figure class=\"alignwide shadow wp-block-post-featured-image\"><a href=\"https:\/\/limstyle.de\/en\/renner-consulting\/\" target=\"_self\"  ><img loading=\"lazy\" decoding=\"async\" width=\"1000\" height=\"1000\" src=\"https:\/\/limstyle.de\/wp-content\/uploads\/renner-consulting.webp\" class=\"attachment-post-thumbnail size-post-thumbnail wp-post-image\" alt=\"Dipl.-Ing. Renner Consulting GmbH\" style=\"object-fit:cover;\" srcset=\"https:\/\/limstyle.de\/wp-content\/uploads\/renner-consulting.webp 1000w, https:\/\/limstyle.de\/wp-content\/uploads\/renner-consulting-300x300.webp 300w, https:\/\/limstyle.de\/wp-content\/uploads\/renner-consulting-150x150.webp 150w, https:\/\/limstyle.de\/wp-content\/uploads\/renner-consulting-768x768.webp 768w, https:\/\/limstyle.de\/wp-content\/uploads\/renner-consulting-12x12.webp 12w\" sizes=\"auto, (max-width: 1000px) 100vw, 1000px\" \/><\/a><\/figure>\n\n<h3 class=\"wp-block-post-title has-small-font-size\"><a href=\"https:\/\/limstyle.de\/en\/renner-consulting\/\" target=\"_self\" >Dipl.-Ing. Renner Consulting GmbH<\/a><\/h3><\/div>\n\n<\/li><li class=\"wp-block-post post-1420 post type-post status-publish format-standard has-post-thumbnail hentry category-projekt\">\n\n<div class=\"wp-block-ab-animate ab-is-hidden\" data-scroll-class=\"fadeInUp\" data-scroll-threshold=\"100\"><figure class=\"alignwide shadow wp-block-post-featured-image\"><a href=\"https:\/\/limstyle.de\/en\/christoph-zeiss-partners\/\" target=\"_self\"  ><img loading=\"lazy\" decoding=\"async\" width=\"1000\" height=\"1000\" src=\"https:\/\/limstyle.de\/wp-content\/uploads\/czpartners.webp\" class=\"attachment-post-thumbnail size-post-thumbnail wp-post-image\" alt=\"Christoph Zeiss Partners\" style=\"object-fit:cover;\" srcset=\"https:\/\/limstyle.de\/wp-content\/uploads\/czpartners.webp 1000w, https:\/\/limstyle.de\/wp-content\/uploads\/czpartners-300x300.webp 300w, https:\/\/limstyle.de\/wp-content\/uploads\/czpartners-150x150.webp 150w, https:\/\/limstyle.de\/wp-content\/uploads\/czpartners-768x768.webp 768w, https:\/\/limstyle.de\/wp-content\/uploads\/czpartners-12x12.webp 12w\" sizes=\"auto, (max-width: 1000px) 100vw, 1000px\" \/><\/a><\/figure>\n\n<h3 class=\"wp-block-post-title has-small-font-size\"><a href=\"https:\/\/limstyle.de\/en\/christoph-zeiss-partners\/\" target=\"_self\" >Christoph Zeiss Partners<\/a><\/h3><\/div>\n\n<\/li><li class=\"wp-block-post post-1253 post type-post status-publish format-standard has-post-thumbnail hentry category-projekt\">\n\n<div class=\"wp-block-ab-animate ab-is-hidden\" data-scroll-class=\"fadeInUp\" data-scroll-threshold=\"100\"><figure class=\"alignwide shadow wp-block-post-featured-image\"><a href=\"https:\/\/limstyle.de\/en\/result-group\/\" target=\"_self\"  ><img loading=\"lazy\" decoding=\"async\" width=\"1000\" height=\"1000\" src=\"https:\/\/limstyle.de\/wp-content\/uploads\/result-group-1.webp\" class=\"attachment-post-thumbnail size-post-thumbnail wp-post-image\" alt=\"Result Group GmbH\" style=\"object-fit:cover;\" srcset=\"https:\/\/limstyle.de\/wp-content\/uploads\/result-group-1.webp 1000w, https:\/\/limstyle.de\/wp-content\/uploads\/result-group-1-300x300.webp 300w, https:\/\/limstyle.de\/wp-content\/uploads\/result-group-1-150x150.webp 150w, https:\/\/limstyle.de\/wp-content\/uploads\/result-group-1-768x768.webp 768w, https:\/\/limstyle.de\/wp-content\/uploads\/result-group-1-12x12.webp 12w\" sizes=\"auto, (max-width: 1000px) 100vw, 1000px\" \/><\/a><\/figure>\n\n<h3 class=\"wp-block-post-title has-small-font-size\"><a href=\"https:\/\/limstyle.de\/en\/result-group\/\" target=\"_self\" >Result Group GmbH<\/a><\/h3><\/div>\n\n<\/li><li class=\"wp-block-post post-1239 post type-post status-publish format-standard has-post-thumbnail hentry category-projekt\">\n\n<div class=\"wp-block-ab-animate ab-is-hidden\" data-scroll-class=\"fadeInUp\" data-scroll-threshold=\"100\"><figure class=\"alignwide shadow wp-block-post-featured-image\"><a href=\"https:\/\/limstyle.de\/en\/rudolf-auer-coaching\/\" target=\"_self\"  ><img loading=\"lazy\" decoding=\"async\" width=\"1000\" height=\"1000\" src=\"https:\/\/limstyle.de\/wp-content\/uploads\/rudolf-auer-coaching.webp\" class=\"attachment-post-thumbnail size-post-thumbnail wp-post-image\" alt=\"Rudolf Auer Coaching\" style=\"object-fit:cover;\" srcset=\"https:\/\/limstyle.de\/wp-content\/uploads\/rudolf-auer-coaching.webp 1000w, https:\/\/limstyle.de\/wp-content\/uploads\/rudolf-auer-coaching-300x300.webp 300w, https:\/\/limstyle.de\/wp-content\/uploads\/rudolf-auer-coaching-150x150.webp 150w, https:\/\/limstyle.de\/wp-content\/uploads\/rudolf-auer-coaching-768x768.webp 768w, https:\/\/limstyle.de\/wp-content\/uploads\/rudolf-auer-coaching-12x12.webp 12w\" sizes=\"auto, (max-width: 1000px) 100vw, 1000px\" \/><\/a><\/figure>\n\n<h3 class=\"wp-block-post-title has-small-font-size\"><a href=\"https:\/\/limstyle.de\/en\/rudolf-auer-coaching\/\" target=\"_self\" >Rudolf Auer Coaching<\/a><\/h3><\/div>\n\n<\/li><li class=\"wp-block-post post-1242 post type-post status-publish format-standard has-post-thumbnail hentry category-projekt\">\n\n<div class=\"wp-block-ab-animate ab-is-hidden\" data-scroll-class=\"fadeInUp\" data-scroll-threshold=\"100\"><figure class=\"alignwide shadow wp-block-post-featured-image\"><a href=\"https:\/\/limstyle.de\/en\/pesl-stiftung-bayern\/\" target=\"_self\"  ><img loading=\"lazy\" decoding=\"async\" width=\"1000\" height=\"1000\" src=\"https:\/\/limstyle.de\/wp-content\/uploads\/pesl-stiftung.webp\" class=\"attachment-post-thumbnail size-post-thumbnail wp-post-image\" alt=\"Pesl-Stiftung Bayern\" style=\"object-fit:cover;\" srcset=\"https:\/\/limstyle.de\/wp-content\/uploads\/pesl-stiftung.webp 1000w, https:\/\/limstyle.de\/wp-content\/uploads\/pesl-stiftung-300x300.webp 300w, https:\/\/limstyle.de\/wp-content\/uploads\/pesl-stiftung-150x150.webp 150w, https:\/\/limstyle.de\/wp-content\/uploads\/pesl-stiftung-768x768.webp 768w, https:\/\/limstyle.de\/wp-content\/uploads\/pesl-stiftung-12x12.webp 12w\" sizes=\"auto, (max-width: 1000px) 100vw, 1000px\" \/><\/a><\/figure>\n\n<h3 class=\"wp-block-post-title has-small-font-size\"><a href=\"https:\/\/limstyle.de\/en\/pesl-stiftung-bayern\/\" target=\"_self\" >Pesl-Stiftung Bayern<\/a><\/h3><\/div>\n\n<\/li><li class=\"wp-block-post post-1440 post type-post status-publish format-standard has-post-thumbnail hentry category-projekt\">\n\n<div class=\"wp-block-ab-animate ab-is-hidden\" data-scroll-class=\"fadeInUp\" data-scroll-threshold=\"100\"><figure class=\"alignwide shadow wp-block-post-featured-image\"><a href=\"https:\/\/limstyle.de\/en\/kosmovita\/\" target=\"_self\"  ><img loading=\"lazy\" decoding=\"async\" width=\"1000\" height=\"1000\" src=\"https:\/\/limstyle.de\/wp-content\/uploads\/kosmovita.webp\" class=\"attachment-post-thumbnail size-post-thumbnail wp-post-image\" alt=\"KosmoVita\" style=\"object-fit:cover;\" srcset=\"https:\/\/limstyle.de\/wp-content\/uploads\/kosmovita.webp 1000w, https:\/\/limstyle.de\/wp-content\/uploads\/kosmovita-300x300.webp 300w, https:\/\/limstyle.de\/wp-content\/uploads\/kosmovita-150x150.webp 150w, https:\/\/limstyle.de\/wp-content\/uploads\/kosmovita-768x768.webp 768w, https:\/\/limstyle.de\/wp-content\/uploads\/kosmovita-12x12.webp 12w\" sizes=\"auto, (max-width: 1000px) 100vw, 1000px\" \/><\/a><\/figure>\n\n<h3 class=\"wp-block-post-title has-small-font-size\"><a href=\"https:\/\/limstyle.de\/en\/kosmovita\/\" target=\"_self\" >KosmoVita<\/a><\/h3><\/div>\n\n<\/li><li class=\"wp-block-post post-1116 post type-post status-publish format-standard has-post-thumbnail hentry category-projekt\">\n\n<div class=\"wp-block-ab-animate ab-is-hidden\" data-scroll-class=\"fadeInUp\" data-scroll-threshold=\"100\"><figure class=\"alignwide shadow wp-block-post-featured-image\"><a href=\"https:\/\/limstyle.de\/en\/ap-dialog-ag\/\" target=\"_self\"  ><img loading=\"lazy\" decoding=\"async\" width=\"1000\" height=\"1000\" src=\"https:\/\/limstyle.de\/wp-content\/uploads\/apdialog.webp\" class=\"attachment-post-thumbnail size-post-thumbnail wp-post-image\" alt=\"AP Dialog AG\" style=\"object-fit:cover;\" srcset=\"https:\/\/limstyle.de\/wp-content\/uploads\/apdialog.webp 1000w, https:\/\/limstyle.de\/wp-content\/uploads\/apdialog-300x300.webp 300w, https:\/\/limstyle.de\/wp-content\/uploads\/apdialog-150x150.webp 150w, https:\/\/limstyle.de\/wp-content\/uploads\/apdialog-768x768.webp 768w, https:\/\/limstyle.de\/wp-content\/uploads\/apdialog-12x12.webp 12w\" sizes=\"auto, (max-width: 1000px) 100vw, 1000px\" \/><\/a><\/figure>\n\n<h3 class=\"wp-block-post-title has-small-font-size\"><a href=\"https:\/\/limstyle.de\/en\/ap-dialog-ag\/\" target=\"_self\" >AP Dialog AG<\/a><\/h3><\/div>\n\n<\/li><\/ul><\/div>\n<\/div>\n<\/div>\n<\/div>","protected":false},"excerpt":{"rendered":"<p>Unser Portfolio Ausgew\u00e4hlte Projekte Wir haben Websites f\u00fcr Unternehmen aus den unterschiedlichsten Branchen realisiert. Hier einige Beispiele.<\/p>","protected":false},"author":1,"featured_media":0,"parent":0,"menu_order":0,"comment_status":"closed","ping_status":"closed","template":"","meta":{"_seopress_robots_primary_cat":"","_seopress_titles_title":"","_seopress_titles_desc":"Seit mehr als 25 Jahren entwickeln wir ma\u00dfgeschneiderte Websites f\u00fcr Unternehmen aus allen Branchen. Was k\u00f6nnen wir f\u00fcr Sie tun?","_seopress_robots_index":"","_crdt_document":"","_uag_custom_page_level_css":"","footnotes":""},"class_list":["post-793","page","type-page","status-publish","hentry"],"uagb_featured_image_src":{"full":false,"thumbnail":false,"medium":false,"medium_large":false,"large":false,"1536x1536":false,"2048x2048":false,"trp-custom-language-flag":false},"uagb_author_info":{"display_name":"frank","author_link":"https:\/\/limstyle.de\/en\/author\/frank\/"},"uagb_comment_info":0,"uagb_excerpt":"Unser Portfolio Ausgew\u00e4hlte Projekte Wir haben Websites f\u00fcr Unternehmen aus den unterschiedlichsten Branchen realisiert. Hier einige Beispiele.","_links":{"self":[{"href":"https:\/\/limstyle.de\/en\/wp-json\/wp\/v2\/pages\/793","targetHints":{"allow":["GET"]}}],"collection":[{"href":"https:\/\/limstyle.de\/en\/wp-json\/wp\/v2\/pages"}],"about":[{"href":"https:\/\/limstyle.de\/en\/wp-json\/wp\/v2\/types\/page"}],"author":[{"embeddable":true,"href":"https:\/\/limstyle.de\/en\/wp-json\/wp\/v2\/users\/1"}],"replies":[{"embeddable":true,"href":"https:\/\/limstyle.de\/en\/wp-json\/wp\/v2\/comments?post=793"}],"version-history":[{"count":21,"href":"https:\/\/limstyle.de\/en\/wp-json\/wp\/v2\/pages\/793\/revisions"}],"predecessor-version":[{"id":1863,"href":"https:\/\/limstyle.de\/en\/wp-json\/wp\/v2\/pages\/793\/revisions\/1863"}],"wp:attachment":[{"href":"https:\/\/limstyle.de\/en\/wp-json\/wp\/v2\/media?parent=793"}],"curies":[{"name":"wp","href":"https:\/\/api.w.org\/{rel}","templated":true}]}}