{"id":31,"date":"2022-02-14T17:38:28","date_gmt":"2022-02-14T16:38:28","guid":{"rendered":"https:\/\/draft.limstyle.de\/site\/?page_id=31"},"modified":"2026-03-21T11:58:45","modified_gmt":"2026-03-21T10:58:45","slug":"contact","status":"publish","type":"page","link":"https:\/\/limstyle.de\/en\/kontakt\/","title":{"rendered":"Contact"},"content":{"rendered":"<div class=\"wp-block-group alignfull is-layout-constrained wp-container-core-group-is-layout-39380f6d wp-block-group-is-layout-constrained\">\n<div class=\"wp-block-columns alignfull are-vertically-aligned-center heroback is-layout-flex wp-container-core-columns-is-layout-1bae7d6f wp-block-columns-is-layout-flex\" style=\"padding-top:0px;padding-right:0px;padding-bottom:0px;padding-left:0%\">\n<div class=\"wp-block-column is-vertically-aligned-center box hero-left has-background-color has-text-color has-background is-layout-flow wp-container-core-column-is-layout-0e842980 wp-block-column-is-layout-flow\" style=\"background-color:#006da3cc;padding-top:40px;padding-right:30px;padding-bottom:40px;padding-left:30px;flex-basis:50%\">\n<div class=\"wp-block-group alignwide is-content-justification-right is-layout-constrained wp-container-core-group-is-layout-08f43a99 wp-block-group-is-layout-constrained\">\n<p class=\"has-text-align-right wp-block-paragraph\" style=\"margin-top:0px;margin-bottom:0px;padding-top:0px;padding-bottom:0px\">Site Notice<\/p>\n\n\n\n<h1 class=\"wp-block-heading has-text-align-right alignwide\" id=\"wir-gestalten-moderne-sichere-und-datenschutzkonforme-websites-fur-mehr-sichtbarkeit-im-netz\" style=\"font-size:2.5rem;font-style:normal;font-weight:500\">Contact<\/h1>\n\n\n\n<h2 class=\"wp-block-heading has-text-align-right alignwide\" id=\"wir-gestalten-moderne-sichere-und-datenschutzkonforme-websites-fur-mehr-sichtbarkeit-im-netz\">Since 1996 we\u2019re working with companies. What we can do for you? <\/h2>\n\n\n\n<div class=\"wp-block-buttons is-content-justification-right is-layout-flex wp-container-core-buttons-is-layout-8a38c5f1 wp-block-buttons-is-layout-flex\" style=\"margin-top:var(--wp--preset--spacing--60)\">\n<div class=\"wp-block-button is-style-outline is-style-outline--1\"><a class=\"wp-block-button__link has-background-color has-text-color has-custom-font-size wp-element-button\" href=\"#kontakt\" style=\"border-radius:15px;padding-top:0px;padding-right:16px;padding-bottom:0px;padding-left:16px;font-size:1.3rem\" rel=\"\">Get in Touch<\/a><\/div>\n<\/div>\n<\/div>\n<\/div>\n\n\n\n<div class=\"wp-block-column is-vertically-aligned-center hero-right is-layout-flow wp-block-column-is-layout-flow\" style=\"padding-top:0%;padding-right:5%;padding-bottom:0%;padding-left:5%;flex-basis:50%\">\n<div class=\"wp-block-columns are-vertically-aligned-center is-layout-flex wp-container-core-columns-is-layout-1a9244c7 wp-block-columns-is-layout-flex\">\n<div class=\"wp-block-column is-vertically-aligned-center is-layout-flow wp-block-column-is-layout-flow\">\n<div class=\"wp-block-ab-animate ab-is-hidden\" data-scroll-class=\"bounceInDown\" data-scroll-delay=\"150\"><\/div>\n<\/div>\n\n\n\n<div class=\"wp-block-column is-vertically-aligned-center is-layout-flow wp-block-column-is-layout-flow\">\n<div class=\"wp-block-ab-animate ab-is-hidden\" data-scroll-class=\"bounceInDown\" data-scroll-delay=\"300\"><\/div>\n<\/div>\n\n\n\n<div class=\"wp-block-column is-vertically-aligned-center is-layout-flow wp-block-column-is-layout-flow\">\n<div class=\"wp-block-ab-animate ab-is-hidden\" data-scroll-class=\"bounceInDown\" data-scroll-delay=\"450\"><\/div>\n<\/div>\n<\/div>\n<\/div>\n<\/div>\n\n\n\n<div style=\"height:20px\" aria-hidden=\"true\" class=\"wp-block-spacer\"><\/div>\n\n\n\n<div class=\"wp-block-columns alignwide is-layout-flex wp-container-core-columns-is-layout-75cdc7a9 wp-block-columns-is-layout-flex\" style=\"padding-top:0px;padding-right:0px;padding-bottom:0px;padding-left:0px\">\n<div class=\"wp-block-column is-layout-flow wp-block-column-is-layout-flow\" style=\"padding-top:0px;padding-right:40px;padding-bottom:0px;padding-left:0px;flex-basis:33.33%\">\n<h3 class=\"wp-block-heading has-text-align-right has-x-large-font-size\" id=\"impressum\">Site Notice<\/h3>\n<\/div>\n\n\n\n<div class=\"wp-block-column is-layout-flow wp-block-column-is-layout-flow\" style=\"padding-top:0px;padding-right:40px;padding-bottom:0px;padding-left:0px;flex-basis:33.34%\">\n<p class=\"has-text-align-left has-standard-font-size wp-block-paragraph\"><strong>Frank Limbacher<br>Kehlerau 17<br>A-6850 Dornbirn<\/strong><\/p>\n\n\n\n<p class=\"wp-block-paragraph\" style=\"margin-top:0px;margin-bottom:0px;padding-top:0px;padding-bottom:0px\">Advertising agency<br><\/p>\n\n\n\n<p class=\"wp-block-paragraph\"><strong>Corporate object<\/strong><\/p>\n\n\n\n<p class=\"wp-block-paragraph\" style=\"margin-top:0px;margin-bottom:0px;padding-top:0px;padding-bottom:0px\">Websites for companies, organizations and municipalities<\/p>\n\n\n\n<p class=\"has-text-align-left has-standard-font-size wp-block-paragraph\"><strong>Contact<\/strong><\/p>\n\n\n\n<p class=\"wp-block-paragraph\" style=\"margin-top:0px;margin-bottom:0px;padding-top:0px;padding-bottom:0px\">Phone +43 (0) 6641 477442<br>hello@limstyle.com<\/p>\n\n\n\n<p class=\"wp-block-paragraph\"><strong>UID number<\/strong><\/p>\n\n\n\n<p class=\"wp-block-paragraph\" style=\"margin-top:0px;margin-bottom:0px;padding-top:0px;padding-bottom:0px\">ATU80276639<\/p>\n\n\n\n<p class=\"has-text-align-left has-standard-font-size wp-block-paragraph\"><strong>Memberships<\/strong><\/p>\n\n\n\n<p class=\"wp-block-paragraph\" style=\"margin-top:0px;margin-bottom:0px;padding-top:0px;padding-bottom:0px\">Member of the Vorarlberg Chamber of Commerce<br><a href=\"https:\/\/firmen.wko.at\/frank-limbacher\/vorarlberg\/?firmaid=0d2a6694-c539-4dd5-a426-7dc6941eb60d&amp;suchbegriff=frank%20limbacher\" target=\"_blank\" rel=\"noreferrer noopener\">ECG entry<\/a><\/p>\n<\/div>\n\n\n\n<div class=\"wp-block-column is-layout-flow wp-block-column-is-layout-flow\" style=\"flex-basis:33.34%\">\n<p class=\"has-text-align-left has-standard-font-size wp-block-paragraph\"><strong>Professional law<\/strong><\/p>\n\n\n\n<p class=\"wp-block-paragraph\" style=\"margin-top:0px;margin-bottom:0px;padding-top:0px;padding-bottom:0px\">Trade regulations: <a href=\"https:\/\/www.ris.bka.gv.at\" target=\"_blank\" rel=\"noreferrer noopener\">www.ris.bka.gv.at<\/a><\/p>\n\n\n\n<p class=\"has-text-align-left has-standard-font-size wp-block-paragraph\"><strong>Supervisory authority<\/strong><\/p>\n\n\n\n<p class=\"wp-block-paragraph\" style=\"margin-top:0px;margin-bottom:0px;padding-top:0px;padding-bottom:0px\">Dornbirn District Authority: <a href=\"https:\/\/vorarlberg.at\/-\/bh-do\" target=\"_blank\" rel=\"noreferrer noopener\">vorarlberg.at\/-\/bh-do<\/a><\/p>\n\n\n\n<p class=\"wp-block-paragraph\"><strong>Central contact point according to the Digital Services Act \u2013 DSA (Regulation (EU) 2022\/265)<\/strong><br>Users and authorities can contact us in accordance with Articles 11, 12 DSA by email:<br><a href=\"mailto:hello@limstyle.com\">hello@limstyle.com<\/a><\/p>\n\n\n\n<p class=\"wp-block-paragraph\">The languages available for contact are German and English.<\/p>\n<\/div>\n<\/div>\n\n\n\n<div style=\"height:20px\" aria-hidden=\"true\" class=\"wp-block-spacer\"><\/div>\n\n\n\n<div class=\"wp-block-columns alignwide is-layout-flex wp-container-core-columns-is-layout-1a9244c7 wp-block-columns-is-layout-flex\">\n<div class=\"wp-block-column is-layout-flow wp-block-column-is-layout-flow\" style=\"padding-top:0px;padding-right:40px;padding-bottom:0px;padding-left:0px;flex-basis:33.33%\">\n<h4 class=\"wp-block-heading has-text-align-right\" id=\"haftung-fur-inhalte\">Liability for Content<\/h4>\n<\/div>\n\n\n\n<div class=\"wp-block-column is-layout-flow wp-block-column-is-layout-flow\" style=\"flex-basis:70%\">\n<p class=\"wp-block-paragraph\">As a service provider, we are responsible for our own content on these pages in accordance with general laws. As a service provider, however, we are not obliged to monitor transmitted or stored third-party information or to investigate circumstances that indicate illegal activity.<\/p>\n\n\n\n<p class=\"wp-block-paragraph\">Legal obligations to removing information or to blocking the use of information remain unchallenged. In this case, liability is only possible at the time of knowledge about a specific violation of law. Illegal contents will be removed immediately at the time we get knowledge of them.<\/p>\n<\/div>\n<\/div>\n\n\n\n<div class=\"wp-block-columns alignwide is-layout-flex wp-container-core-columns-is-layout-1a9244c7 wp-block-columns-is-layout-flex\">\n<div class=\"wp-block-column is-layout-flow wp-block-column-is-layout-flow\" style=\"padding-top:0px;padding-right:40px;padding-bottom:0px;padding-left:0px;flex-basis:33.33%\">\n<h4 class=\"wp-block-heading has-text-align-right\" id=\"haftung-fur-links\">Liability for Links<\/h4>\n<\/div>\n\n\n\n<div class=\"wp-block-column is-layout-flow wp-block-column-is-layout-flow\" style=\"flex-basis:70%\">\n<p class=\"wp-block-paragraph\">Our offer includes links to external third party websites. We have no influence on the contents of those websites, therefore we cannot guarantee for those contents. Providers or administrators of linked websites are always responsible for their own contents.<\/p>\n\n\n\n<p class=\"wp-block-paragraph\">The linked websites had been checked for possible violations of law at the time of the establishment of the link. Illegal contents were not detected at the time of the linking. A permanent monitoring of the contents of linked websites cannot be imposed without reasonable indications that there has been a violation of law. Illegal links will be removed immediately at the time we get knowledge of them.<\/p>\n<\/div>\n<\/div>\n\n\n\n<div class=\"wp-block-columns alignwide is-layout-flex wp-container-core-columns-is-layout-1a9244c7 wp-block-columns-is-layout-flex\">\n<div class=\"wp-block-column is-layout-flow wp-block-column-is-layout-flow\" style=\"padding-top:0px;padding-right:40px;padding-bottom:0px;padding-left:0px;flex-basis:33.33%\">\n<h4 class=\"wp-block-heading has-text-align-right\" id=\"urheberrecht\">Copyright<\/h4>\n<\/div>\n\n\n\n<div class=\"wp-block-column is-layout-flow wp-block-column-is-layout-flow\" style=\"flex-basis:70%\">\n<p class=\"wp-block-paragraph\">The content and works on these pages created by the site operators are subject to copyright. Reproduction, processing, distribution and any kind of exploitation outside the limits of copyright law require the written consent of the respective author or creator. Downloads and copies of this page are only permitted for private, non-commercial use.<\/p>\n\n\n\n<p class=\"wp-block-paragraph\">Copyright laws of third parties are respected as long as the contents on these websites do not originate from the provider. Contributions of third parties on this site are indicated as such. However, if you notice any violations of copyright law, please inform us. Such contents will be removed immediately.<\/p>\n<\/div>\n<\/div>\n<\/div>","protected":false},"excerpt":{"rendered":"<p>Impressum Kontakt Seit 1996 arbeiten wir mit Unternehmen zusammen. Was k\u00f6nnen wir f\u00fcr Sie tun? Impressum Frank LimbacherKehlerau 17A-6850 Dornbirn Werbeagentur Unternehmensgegenstand Websites f\u00fcr Unternehmen, Organisationen und Kommunen Kontakt Tel: +43 (0) 6641 477442\u202chello@limstyle.com UID-Nummer ATU80276639 Mitgliedschaften Mitglied der Wirtschaftskammer VorarlbergECG-Eintrag Berufsrecht Gewerbeordnung: www.ris.bka.gv.at Aufsichtsbeh\u00f6rde Bezirkshauptmannschaft Dornbirn: vorarlberg.at\/-\/bh-do Zentrale Kontaktstelle nach dem Digital Services Act [&hellip;]<\/p>\n","protected":false},"author":1,"featured_media":0,"parent":0,"menu_order":0,"comment_status":"closed","ping_status":"closed","template":"","meta":{"_seopress_robots_primary_cat":"","_seopress_titles_title":"","_seopress_titles_desc":"Wir freuen uns \u00fcber Ihr Interesse. Schreiben Sie uns.","_seopress_robots_index":"","_seopress_analysis_target_kw":"","_crdt_document":"","_uag_custom_page_level_css":"","footnotes":""},"class_list":["post-31","page","type-page","status-publish","hentry"],"uagb_featured_image_src":{"full":false,"thumbnail":false,"medium":false,"medium_large":false,"large":false,"1536x1536":false,"2048x2048":false,"trp-custom-language-flag":false},"uagb_author_info":{"display_name":"frank","author_link":"https:\/\/limstyle.de\/en\/author\/frank\/"},"uagb_comment_info":0,"uagb_excerpt":"Impressum Kontakt Seit 1996 arbeiten wir mit Unternehmen zusammen. Was k\u00f6nnen wir f\u00fcr Sie tun? Impressum Frank LimbacherKehlerau 17A-6850 Dornbirn Werbeagentur Unternehmensgegenstand Websites f\u00fcr Unternehmen, Organisationen und Kommunen Kontakt Tel: +43 (0) 6641 477442\u202chello@limstyle.com UID-Nummer ATU80276639 Mitgliedschaften Mitglied der Wirtschaftskammer VorarlbergECG-Eintrag Berufsrecht Gewerbeordnung: www.ris.bka.gv.at Aufsichtsbeh\u00f6rde Bezirkshauptmannschaft Dornbirn: vorarlberg.at\/-\/bh-do Zentrale Kontaktstelle nach dem Digital Services Act&hellip;","_links":{"self":[{"href":"https:\/\/limstyle.de\/en\/wp-json\/wp\/v2\/pages\/31","targetHints":{"allow":["GET"]}}],"collection":[{"href":"https:\/\/limstyle.de\/en\/wp-json\/wp\/v2\/pages"}],"about":[{"href":"https:\/\/limstyle.de\/en\/wp-json\/wp\/v2\/types\/page"}],"author":[{"embeddable":true,"href":"https:\/\/limstyle.de\/en\/wp-json\/wp\/v2\/users\/1"}],"replies":[{"embeddable":true,"href":"https:\/\/limstyle.de\/en\/wp-json\/wp\/v2\/comments?post=31"}],"version-history":[{"count":10,"href":"https:\/\/limstyle.de\/en\/wp-json\/wp\/v2\/pages\/31\/revisions"}],"predecessor-version":[{"id":1865,"href":"https:\/\/limstyle.de\/en\/wp-json\/wp\/v2\/pages\/31\/revisions\/1865"}],"wp:attachment":[{"href":"https:\/\/limstyle.de\/en\/wp-json\/wp\/v2\/media?parent=31"}],"curies":[{"name":"wp","href":"https:\/\/api.w.org\/{rel}","templated":true}]}}