{"id":29,"date":"2022-02-14T17:38:00","date_gmt":"2022-02-14T16:38:00","guid":{"rendered":"https:\/\/draft.limstyle.de\/site\/?page_id=29"},"modified":"2026-04-02T15:34:00","modified_gmt":"2026-04-02T13:34:00","slug":"about-us","status":"publish","type":"page","link":"https:\/\/limstyle.de\/en\/ueber-uns\/","title":{"rendered":"About Us"},"content":{"rendered":"<div class=\"wp-block-group alignfull is-layout-constrained wp-container-core-group-is-layout-39380f6d wp-block-group-is-layout-constrained\">\n<div class=\"wp-block-columns alignfull are-vertically-aligned-center heroback is-layout-flex wp-container-core-columns-is-layout-23a1295a wp-block-columns-is-layout-flex\" style=\"padding-top:0px;padding-right:0px;padding-bottom:0px;padding-left:0%\">\n<div class=\"wp-block-column is-vertically-aligned-center box hero-left has-background-color has-text-color has-background is-layout-flow wp-container-core-column-is-layout-0e842980 wp-block-column-is-layout-flow\" style=\"background-color:#006da3cc;padding-top:40px;padding-right:30px;padding-bottom:40px;padding-left:30px;flex-basis:50%\">\n<div class=\"wp-block-group alignwide is-content-justification-right is-layout-constrained wp-container-core-group-is-layout-08f43a99 wp-block-group-is-layout-constrained\">\n<p class=\"has-text-align-right wp-block-paragraph\" style=\"margin-top:0px;margin-bottom:0px;padding-top:0px;padding-bottom:0px\">Our team introduces itself<\/p>\n\n\n\n<h1 class=\"wp-block-heading has-text-align-right\" id=\"wir-gestalten-moderne-sichere-und-datenschutzkonforme-websites-fur-mehr-sichtbarkeit-im-netz\" style=\"font-size:2.5rem;font-style:normal;font-weight:500\">About Us<\/h1>\n\n\n\n<p class=\"has-text-align-right alignwide wp-block-paragraph\" style=\"line-height:1.5\">We are a small team of web designers with many years of experience to advise our customers in the best possible way.<\/p>\n<\/div>\n<\/div>\n\n\n\n<div class=\"wp-block-column is-vertically-aligned-center hero-right is-layout-flow wp-block-column-is-layout-flow\" style=\"padding-top:0%;padding-right:5%;padding-bottom:0%;padding-left:5%;flex-basis:50%\">\n<div class=\"wp-block-columns are-vertically-aligned-center is-layout-flex wp-container-core-columns-is-layout-1a9244c7 wp-block-columns-is-layout-flex\">\n<div class=\"wp-block-column is-vertically-aligned-center is-layout-flow wp-block-column-is-layout-flow\">\n<div class=\"wp-block-ab-animate ab-is-hidden\" data-scroll-class=\"bounceInDown\" data-scroll-delay=\"150\"><\/div>\n<\/div>\n\n\n\n<div class=\"wp-block-column is-vertically-aligned-center is-layout-flow wp-block-column-is-layout-flow\">\n<div class=\"wp-block-ab-animate ab-is-hidden\" data-scroll-class=\"bounceInDown\" data-scroll-delay=\"300\"><\/div>\n<\/div>\n\n\n\n<div class=\"wp-block-column is-vertically-aligned-center is-layout-flow wp-block-column-is-layout-flow\">\n<div class=\"wp-block-ab-animate ab-is-hidden\" data-scroll-class=\"bounceInDown\" data-scroll-delay=\"450\"><\/div>\n<\/div>\n<\/div>\n<\/div>\n<\/div>\n\n\n\n<div class=\"wp-block-group alignwide is-layout-constrained wp-container-core-group-is-layout-cedf2323 wp-block-group-is-layout-constrained\" style=\"margin-top:var(--wp--preset--spacing--70);margin-bottom:var(--wp--preset--spacing--70)\">\n<h2 class=\"wp-block-heading has-text-align-center alignwide\" id=\"gute-gestaltung-braucht-ein-solides-fundament\" style=\"margin-bottom:20px;font-size:2rem;font-style:normal;font-weight:500\">Who we are and what we can do for you<\/h2>\n\n\n\n<h3 class=\"wp-block-heading has-text-align-center subhead has-large-font-size\" id=\"eine-qualitativ-hochwertige-website-besteht-nicht-nur-aus-attraktivem-design-es-gibt-daruber-hinaus-viele-technische-wie-rechtliche-aspekte-zu-beachten-um-erfolgreich-online-vertreten-zu-sein-wir-beraten-sie-gern\" style=\"line-height:1.4\">We develop attractive and functional websites to represent your company, optimize online business processes, communicate brands, advertise current services and products and attract new customers.<\/h3>\n<\/div>\n\n\n\n<div style=\"height:20px\" aria-hidden=\"true\" class=\"wp-block-spacer\"><\/div>\n\n\n\n<div class=\"wp-block-media-text alignwide is-stacked-on-mobile shadow\" style=\"padding-right:0;padding-left:0;grid-template-columns:33% auto\"><figure class=\"wp-block-media-text__media\"><img loading=\"lazy\" decoding=\"async\" width=\"1000\" height=\"1000\" src=\"https:\/\/limstyle.de\/wp-content\/uploads\/frank_limbacher.webp\" alt=\"Frank Limbacher\" class=\"wp-image-1026 size-full\" srcset=\"https:\/\/limstyle.de\/wp-content\/uploads\/frank_limbacher.webp 1000w, https:\/\/limstyle.de\/wp-content\/uploads\/frank_limbacher-300x300.webp 300w, https:\/\/limstyle.de\/wp-content\/uploads\/frank_limbacher-150x150.webp 150w, https:\/\/limstyle.de\/wp-content\/uploads\/frank_limbacher-768x768.webp 768w, https:\/\/limstyle.de\/wp-content\/uploads\/frank_limbacher-12x12.webp 12w\" sizes=\"auto, (max-width: 1000px) 100vw, 1000px\" \/><\/figure><div class=\"wp-block-media-text__content\">\n<div class=\"wp-block-ab-animate\" data-scroll-class=\"fadeInUp\" data-scroll-delay=\"0\">\n<blockquote class=\"wp-block-quote is-style-large has-standard-font-size is-layout-flow wp-block-quote-is-layout-flow\" style=\"margin-right:0;margin-left:0;padding-right:var(--wp--preset--spacing--50);padding-left:var(--wp--preset--spacing--50)\">\n<p class=\"has-large-font-size wp-block-paragraph\">\u00bbI designed my first website for Apple in 1996. Since then, I was totally hooked learning about the possibilities and challenges of the medium.\u00ab<\/p>\n<cite>Frank Limbacher, web designer<\/cite><\/blockquote>\n<\/div>\n<\/div><\/div>\n\n\n\n<div class=\"wp-block-media-text alignwide has-media-on-the-right is-stacked-on-mobile shadow\" style=\"grid-template-columns:auto 33%\"><div class=\"wp-block-media-text__content\">\n<div class=\"wp-block-ab-animate\" data-scroll-class=\"fadeInUp\" data-scroll-delay=\"0\">\n<blockquote class=\"wp-block-quote is-style-large is-layout-flow wp-block-quote-is-layout-flow\" style=\"padding-right:var(--wp--preset--spacing--50);padding-left:var(--wp--preset--spacing--50)\">\n<p class=\"has-large-font-size wp-block-paragraph\">\u00bbAs an art historian, I found my passion in web design. I look forward to finding individual solutions together with the customer.\u00ab<\/p>\n<cite>Dr Sandra Conradt, web designer<\/cite><\/blockquote>\n<\/div>\n<\/div><figure class=\"wp-block-media-text__media\"><img loading=\"lazy\" decoding=\"async\" width=\"1000\" height=\"1000\" src=\"https:\/\/limstyle.de\/wp-content\/uploads\/sandra.webp\" alt=\"sandra\" class=\"wp-image-885 size-full\" srcset=\"https:\/\/limstyle.de\/wp-content\/uploads\/sandra.webp 1000w, https:\/\/limstyle.de\/wp-content\/uploads\/sandra-300x300.webp 300w, https:\/\/limstyle.de\/wp-content\/uploads\/sandra-150x150.webp 150w, https:\/\/limstyle.de\/wp-content\/uploads\/sandra-768x768.webp 768w, https:\/\/limstyle.de\/wp-content\/uploads\/sandra-12x12.webp 12w\" sizes=\"auto, (max-width: 1000px) 100vw, 1000px\" \/><\/figure><\/div>\n\n\n\n<div class=\"wp-block-media-text alignwide is-stacked-on-mobile shadow\" style=\"padding-right:0;padding-left:0;grid-template-columns:33% auto\"><figure class=\"wp-block-media-text__media\"><img loading=\"lazy\" decoding=\"async\" width=\"1000\" height=\"1000\" src=\"https:\/\/limstyle.de\/wp-content\/uploads\/speedy.jpg\" alt=\"speedy\" class=\"wp-image-561 size-full\" srcset=\"https:\/\/limstyle.de\/wp-content\/uploads\/speedy.jpg 1000w, https:\/\/limstyle.de\/wp-content\/uploads\/speedy-300x300.jpg 300w, https:\/\/limstyle.de\/wp-content\/uploads\/speedy-150x150.jpg 150w, https:\/\/limstyle.de\/wp-content\/uploads\/speedy-768x768.jpg 768w\" sizes=\"auto, (max-width: 1000px) 100vw, 1000px\" \/><\/figure><div class=\"wp-block-media-text__content\">\n<div class=\"wp-block-ab-animate\" data-scroll-class=\"fadeInUp\" data-scroll-delay=\"0\">\n<blockquote class=\"wp-block-quote is-style-large has-standard-font-size is-layout-flow wp-block-quote-is-layout-flow\" style=\"margin-right:0;margin-left:0;padding-right:var(--wp--preset--spacing--50);padding-left:var(--wp--preset--spacing--50)\">\n<p class=\"has-large-font-size wp-block-paragraph\">\u00bbIn between, I take care of crawl breaks and exercise by regularly opening the door. I avoid routine with funny souvenirs from nature. There is always joy!\u00ab<\/p>\n<cite>Speedy, volunteer chill consultant<\/cite><\/blockquote>\n<\/div>\n<\/div><\/div>\n<\/div>","protected":false},"excerpt":{"rendered":"<p>Unser Team stellt sich vor \u00dcber uns Wir sind ein kleines Team, das \u00fcber die langj\u00e4hrige Erfahrung verf\u00fcgt, unsere Kunden bestm\u00f6glich zu beraten. Wer wir sind und was wir f\u00fcr Sie tun k\u00f6nnen Wir entwickeln attraktive und funktionale Websites, die dazu beitragen, Ihr Unternehmen zu repr\u00e4sentieren, Online-Gesch\u00e4ftsprozesse zu optimieren, Marken zu kommunizieren, aktuellen Dienstleistungen und [&hellip;]<\/p>\n","protected":false},"author":1,"featured_media":0,"parent":0,"menu_order":0,"comment_status":"closed","ping_status":"closed","template":"","meta":{"_seopress_robots_primary_cat":"","_seopress_titles_title":"","_seopress_titles_desc":"Wir sind ein kleines Team aus Webdesignern, das \u00fcber die langj\u00e4hrige Erfahrung verf\u00fcgt, um unsere Kunden bestm\u00f6glich zu beraten.","_seopress_robots_index":"","_crdt_document":"","_uag_custom_page_level_css":"","footnotes":""},"class_list":["post-29","page","type-page","status-publish","hentry"],"uagb_featured_image_src":{"full":false,"thumbnail":false,"medium":false,"medium_large":false,"large":false,"1536x1536":false,"2048x2048":false,"trp-custom-language-flag":false},"uagb_author_info":{"display_name":"frank","author_link":"https:\/\/limstyle.de\/en\/author\/frank\/"},"uagb_comment_info":0,"uagb_excerpt":"Unser Team stellt sich vor \u00dcber uns Wir sind ein kleines Team, das \u00fcber die langj\u00e4hrige Erfahrung verf\u00fcgt, unsere Kunden bestm\u00f6glich zu beraten. Wer wir sind und was wir f\u00fcr Sie tun k\u00f6nnen Wir entwickeln attraktive und funktionale Websites, die dazu beitragen, Ihr Unternehmen zu repr\u00e4sentieren, Online-Gesch\u00e4ftsprozesse zu optimieren, Marken zu kommunizieren, aktuellen Dienstleistungen und&hellip;","_links":{"self":[{"href":"https:\/\/limstyle.de\/en\/wp-json\/wp\/v2\/pages\/29","targetHints":{"allow":["GET"]}}],"collection":[{"href":"https:\/\/limstyle.de\/en\/wp-json\/wp\/v2\/pages"}],"about":[{"href":"https:\/\/limstyle.de\/en\/wp-json\/wp\/v2\/types\/page"}],"author":[{"embeddable":true,"href":"https:\/\/limstyle.de\/en\/wp-json\/wp\/v2\/users\/1"}],"replies":[{"embeddable":true,"href":"https:\/\/limstyle.de\/en\/wp-json\/wp\/v2\/comments?post=29"}],"version-history":[{"count":39,"href":"https:\/\/limstyle.de\/en\/wp-json\/wp\/v2\/pages\/29\/revisions"}],"predecessor-version":[{"id":1886,"href":"https:\/\/limstyle.de\/en\/wp-json\/wp\/v2\/pages\/29\/revisions\/1886"}],"wp:attachment":[{"href":"https:\/\/limstyle.de\/en\/wp-json\/wp\/v2\/media?parent=29"}],"curies":[{"name":"wp","href":"https:\/\/api.w.org\/{rel}","templated":true}]}}